{"id":10823,"date":"2024-10-10T17:14:14","date_gmt":"2024-10-10T15:14:14","guid":{"rendered":"https:\/\/rudideluxe.de\/?page_id=10823"},"modified":"2025-04-30T15:08:51","modified_gmt":"2025-04-30T13:08:51","slug":"imprint","status":"publish","type":"page","link":"https:\/\/rudideluxe.de\/en\/imprint\/","title":{"rendered":"Imprint"},"content":{"rendered":"\t\t<div data-elementor-type=\"wp-page\" data-elementor-id=\"10823\" class=\"elementor elementor-10823 elementor-3333\" data-elementor-post-type=\"page\">\n\t\t\t\t<div class=\"elementor-element elementor-element-5edd3c9 e-flex e-con-boxed e-con e-parent\" data-id=\"5edd3c9\" data-element_type=\"container\" data-e-type=\"container\">\n\t\t\t\t\t<div class=\"e-con-inner\">\n\t\t\t\t<div class=\"elementor-element elementor-element-d694704 elementor-widget elementor-widget-text-editor\" data-id=\"d694704\" data-element_type=\"widget\" data-e-type=\"widget\" data-widget_type=\"text-editor.default\">\n\t\t\t\t<div class=\"elementor-widget-container\">\n\t\t\t\t\t\t\t\t\t<p><strong>RudiDeluxe.com<\/strong><\/p><p><strong>NicLen<\/strong><br \/><strong>Gesellschaft f\u00fcr Elektronik, Handel und Vermietung mbH<\/strong><\/p><p>Nico Valasik &amp; J\u00f6rg St\u00f6ppler<br \/>Steinbrinkstra\u00dfe 61<br \/>44319\u00a0 Dortmund<br \/>Germany<\/p><p>Mail: <span \n                data-original-string='jDo0tt\/WiiRgowVrWmI28g==74a5pWNK0qjRKu3n3SNKYrWnIvzFWqnm0p2vQZ7fzwl6tk='\n                class='apbct-email-encoder'\n                title='This contact has been encoded by Anti-Spam by CleanTalk. Click to decode. To finish the decoding make sure that JavaScript is enabled in your browser.'>in<span class=\"apbct-blur\">**<\/span>@<span class=\"apbct-blur\">********<\/span>xe.com<\/span><br \/>Web: www.rudideluxe.com<br \/>Phone : +49 231 \/ 999 610\u00a0<\/p><p>HRB24618 Amtsgericht Dortmund\u00a0<br \/>VAT: DE 155852786<\/p><p><strong>Concept and implementation:<br \/><\/strong>camalot GmbH, Iserlohn, Germany<\/p><p><strong>Journalistic\/editorial content<br \/><\/strong>Party responsible for content in accordance with sect. 55 para. 2 RStV Nico Valasik &amp; J\u00f6rg St\u00f6ppler (General Manager \u2013 contact: <span \n                data-original-string='kbrwM95q20iqVbb86d996A==74ayHi571M3WBVrYn4PV0IsD4AbxdVat\/N1aafOAgqk+4E='\n                class='apbct-email-encoder'\n                title='This contact has been encoded by Anti-Spam by CleanTalk. Click to decode. To finish the decoding make sure that JavaScript is enabled in your browser.'>ma<span class=\"apbct-blur\">*******<\/span>@<span class=\"apbct-blur\">****<\/span>en.de<\/span>).<\/p><p><strong>The imprint also applies to the following social media profiles<br \/><\/strong>Instagram: https:\/\/www.instagram.com\/rudideluxe.de\/<br \/>Facebook: https:\/\/www.facebook.com\/<strong>rudideluxe<\/strong><\/p><p><strong>Links<br \/><\/strong>On our Internet pages you will also find links to other sites on the Internet. We would like to point out that we have no influence with regard to the design and content of the linked sites. Therefore, we cannot guarantee the correctness, completeness or quality of the information provided there, nor can we guarantee that it is up to date. Taking this into account, we hereby dissociate ourselves from all content found on these pages. This statement applies to all links to external pages and their contents which are contained on our Internet pages.<\/p><p><strong>Copyright<br \/><\/strong>\u00a9 NicLen Gesellschaft f\u00fcr Elektronik, Handel und Vermietung mbH, 2025<\/p><p>\u00a0<\/p><p><br \/><br \/><\/p>\t\t\t\t\t\t\t\t<\/div>\n\t\t\t\t<\/div>\n\t\t\t\t\t<\/div>\n\t\t\t\t<\/div>\n\t\t\t\t<\/div>\n\t\t","protected":false},"excerpt":{"rendered":"<p>RudiDeluxe.com NicLenGesellschaft f\u00fcr Elektronik, Handel und Vermietung mbH Nico Valasik &amp; J\u00f6rg St\u00f6pplerSteinbrinkstra\u00dfe 6144319\u00a0 DortmundGermany Mail: in**@********xe.comWeb: www.rudideluxe.comPhone : +49 231 \/ 999 610\u00a0 HRB24618 Amtsgericht Dortmund\u00a0VAT: DE 155852786 Concept and implementation:camalot GmbH, Iserlohn, Germany Journalistic\/editorial contentParty responsible for content in accordance with sect. 55 para. 2 RStV Nico Valasik &amp; J\u00f6rg St\u00f6ppler (General Manager [&hellip;]<\/p>\n","protected":false},"author":1,"featured_media":0,"parent":0,"menu_order":0,"comment_status":"closed","ping_status":"closed","template":"","meta":{"footnotes":""},"class_list":["post-10823","page","type-page","status-publish","hentry"],"_links":{"self":[{"href":"https:\/\/rudideluxe.de\/en\/wp-json\/wp\/v2\/pages\/10823","targetHints":{"allow":["GET"]}}],"collection":[{"href":"https:\/\/rudideluxe.de\/en\/wp-json\/wp\/v2\/pages"}],"about":[{"href":"https:\/\/rudideluxe.de\/en\/wp-json\/wp\/v2\/types\/page"}],"author":[{"embeddable":true,"href":"https:\/\/rudideluxe.de\/en\/wp-json\/wp\/v2\/users\/1"}],"replies":[{"embeddable":true,"href":"https:\/\/rudideluxe.de\/en\/wp-json\/wp\/v2\/comments?post=10823"}],"version-history":[{"count":16,"href":"https:\/\/rudideluxe.de\/en\/wp-json\/wp\/v2\/pages\/10823\/revisions"}],"predecessor-version":[{"id":12969,"href":"https:\/\/rudideluxe.de\/en\/wp-json\/wp\/v2\/pages\/10823\/revisions\/12969"}],"wp:attachment":[{"href":"https:\/\/rudideluxe.de\/en\/wp-json\/wp\/v2\/media?parent=10823"}],"curies":[{"name":"wp","href":"https:\/\/api.w.org\/{rel}","templated":true}]}}