{"id":4904,"date":"2022-11-30T00:00:00","date_gmt":"2022-11-30T00:00:00","guid":{"rendered":"https:\/\/rudideluxe.de\/?product=sgm-p-5-w-outdoor-led-fluter-43"},"modified":"2025-09-11T10:48:12","modified_gmt":"2025-09-11T08:48:12","slug":"sgm-p-5-w-outdoor-led-fluter-43","status":"publish","type":"product","link":"https:\/\/rudideluxe.de\/en\/produkt\/sgm-p-5-w-outdoor-led-fluter-43\/","title":{"rendered":"SGM P-5 W Outdoor LED Fluter 43\u00b0"},"content":{"rendered":"<p><strong>Technische Daten :<\/strong><\/p>\n<p>Der P-5 W ist eine Wei\u00dfausgangsversion des Farb-P-5, dem bekanntesten und renommiertesten IP65-LED-Wash in der Beleuchtungsindustrie.Es ist perfekt, um eine gleichm\u00e4\u00dfige Abdeckung bei hoher Lichtleistung zu erzielen.Der P-5 W nutzt 16-Bit-Dimmleistung, ist durch Firmware-Updates vollst\u00e4ndig aufr\u00fcstbar.<\/p>\n<ul>\n<li>High-performance IP65 white LED light source<\/li>\n<li>6400K color temperature<\/li>\n<li>43\u00ba, 21\u00ba, and 15\u00ba interchangeable lenses<\/li>\n<li>23700 lumens in W<\/li>\n<li>DMX, RDM, and wireless control<\/li>\n<li>Accurate 16bit dimming performance<\/li>\n<li>Practically maintenance-free<\/li>\n<li>Flicker-free \/ Programmable scenes<\/li>\n<\/ul>\n","protected":false},"excerpt":{"rendered":"<ul>\n<li>Inklusive Flightcase<\/li>\n<li>Verpackungseinheit = 4<\/li>\n<li>Baujahr : 2015<\/li>\n<li>IP Rating : IP 65<\/li>\n<li>Gewicht netto : 8,9 Kg<\/li>\n<li>Der Preis ist pro Ger\u00e4t<\/li>\n<\/ul>\n","protected":false},"featured_media":809,"template":"","meta":[],"pwb-brand":[1038],"product_brand":[],"product_cat":[1496,1310],"product_tag":[],"class_list":{"0":"post-4904","1":"product","2":"type-product","3":"status-publish","4":"has-post-thumbnail","6":"pwb-brand-sgm","7":"product_cat-wash-de1728616195","8":"product_cat-led-de1728615883","10":"first","11":"instock","12":"shipping-taxable","13":"purchasable","14":"product-type-simple"},"brands":[{"id":1038,"name":"SGM","slug":"sgm"}],"_links":{"self":[{"href":"https:\/\/rudideluxe.de\/en\/wp-json\/wp\/v2\/product\/4904","targetHints":{"allow":["GET"]}}],"collection":[{"href":"https:\/\/rudideluxe.de\/en\/wp-json\/wp\/v2\/product"}],"about":[{"href":"https:\/\/rudideluxe.de\/en\/wp-json\/wp\/v2\/types\/product"}],"wp:featuredmedia":[{"embeddable":true,"href":"https:\/\/rudideluxe.de\/en\/wp-json\/wp\/v2\/media\/809"}],"wp:attachment":[{"href":"https:\/\/rudideluxe.de\/en\/wp-json\/wp\/v2\/media?parent=4904"}],"wp:term":[{"taxonomy":"pwb-brand","embeddable":true,"href":"https:\/\/rudideluxe.de\/en\/wp-json\/wp\/v2\/pwb-brand?post=4904"},{"taxonomy":"product_brand","embeddable":true,"href":"https:\/\/rudideluxe.de\/en\/wp-json\/wp\/v2\/product_brand?post=4904"},{"taxonomy":"product_cat","embeddable":true,"href":"https:\/\/rudideluxe.de\/en\/wp-json\/wp\/v2\/product_cat?post=4904"},{"taxonomy":"product_tag","embeddable":true,"href":"https:\/\/rudideluxe.de\/en\/wp-json\/wp\/v2\/product_tag?post=4904"}],"curies":[{"name":"wp","href":"https:\/\/api.w.org\/{rel}","templated":true}]}}